{"id":1511,"date":"2023-03-01T16:32:36","date_gmt":"2023-03-01T16:32:36","guid":{"rendered":"https:\/\/corpoideres.org\/store\/index.php\/product\/localizador-gps-inteligente-bluetooth\/"},"modified":"2026-01-14T14:18:18","modified_gmt":"2026-01-14T14:18:18","slug":"localizador-gps-inteligente-bluetooth","status":"publish","type":"product","link":"https:\/\/corpoideres.org\/store\/index.php\/product\/localizador-gps-inteligente-bluetooth\/","title":{"rendered":"LOCALIZADOR GPS INTELIGENTE BLUETOOTH"},"content":{"rendered":"<p>HOLA BIENVENIDOS A EMDEL COLOMBIA, GRACIAS POR REVISAR NUESTRO PRODUCTO. EMPRESA IMPORTADORA DE MAYOR TENDENCIA Y MEJORES PRECIOS.<\/p>\n<p>Localiza objetos (billetera, coche, ni\u00f1os, mascotas, bolsas, maletas u otras pertenencias) a trav\u00e9s de la App conectada con el localizador (isearching o Ctracing)<\/p>\n<p>Localiza tu tel\u00e9fono celular oprimiendo el bot\u00f3n del Localizador<\/p>\n<p>Puedes tomar fotos por medio del Bot\u00f3n del Localizador<\/p>\n<p>Puedes grabar audios a distancia por medio del bot\u00f3n Localizador<\/p>\n<p>Especificaciones<\/p>\n<p>Dispositivos compatibles:<\/p>\n<p>Para iPhone5S\/5C\/5\/iPad 4S 5\/4\/3rd generaci\u00f3n para iPad mini para iPad para iPod touch (5th gen)<\/p>\n<p>Sistema Android con Smartphone bluetooth 4,0<\/p>\n<p>(Versi\u00f3n Android 4,3 y versi\u00f3n de grado superior)<\/p>\n<p>La Garant\u00eda sera valida por defectos de fabrica o Mal funcionamiento del producto. \u00bfTu producto tiene alguna novedad que debamos reportar?* Una vez recibas tu producto, cuentas con m\u00e1ximo 5 d\u00edas para reportar a Soporte: piezas faltantes, rotas o cualquier novedad que presente el producto. \u00bfNo era lo que esperabas? Aplica Ley retracto Durante 5 d\u00edas, contados a partir de la recepci\u00f3n del producto, para la devoluci\u00f3n, ten en cuenta que debe estar en las condiciones que se recibi\u00f3, con su empaque original, con las etiquetas, sellos de seguridad, y contar con todas sus partes y\/o accesorios. Sin rayones ni manchas. Se recibir\u00e1 \u00fanicamente en \u00f3ptimas condiciones. Se anular\u00e1 autom\u00e1ticamente el derecho a retracto si el producto fue usado. \u00bfTu producto est\u00e1 presentando fallas? Cuentas con 30 d\u00edas de garant\u00eda por funcionamiento y\/o da\u00f1os del producto que no est\u00e9n relacionados a su mal uso. Para hacer efectiva la devoluci\u00f3n, el producto debe entregarse debidamente protegido cuidando el estado del empaque original, incluir todos los documentos y\/o manuales (si aplica) y las partes completas &#8211; -Garant\u00eda: 3 meses por defectos de f\u00e1brica. *El producto debe estar en las condiciones que se recibi\u00f3, con su empaque original, con las etiquetas, sellos de seguridad, y contar con todas sus partes y\/o accesorios. Sin rayones ni manchas, sin evidencias de manipulaci\u00f3n o uso, se recibir\u00e1 \u00fanicamente en \u00f3ptimas condiciones.<\/p>\n<p>Para retractos: Por favor revise el producto apenas lo reciba y antes de usarlo. No aplica ley de retracto luego de usar el producto. Se manejan m\u00e1ximo 5 d\u00edas para reportarlo. Para hacer efectiva la devoluci\u00f3n el producto debe devolverse con el empaque original, el cual debe estar en buen estado, incluir todos los documentos y sin da\u00f1os.<\/p>\n<p>NOTA:El color varia a disponibilidad.<\/p>\n","protected":false},"excerpt":{"rendered":"<p>HOLA BIENVENIDOS A EMDEL COLOMBIA, GRACIAS POR REVISAR NUESTRO PRODUCTO. EMPRESA IMPORTADORA DE MAYOR TENDENCIA Y MEJORES PRECIOS. Localiza objetos (billetera, coche, ni\u00f1os, mascotas, bolsas, maletas u otras pertenencias) a trav\u00e9s de la App conectada con el localizador (isearching o Ctracing) Localiza tu tel\u00e9fono celular oprimiendo el bot\u00f3n del Localizador Puedes tomar fotos por medio &hellip;<\/p>\n<p class=\"read-more\"> <a class=\"\" href=\"https:\/\/corpoideres.org\/store\/index.php\/product\/localizador-gps-inteligente-bluetooth\/\"> <span class=\"screen-reader-text\">LOCALIZADOR GPS INTELIGENTE BLUETOOTH<\/span> Leer m\u00e1s &raquo;<\/a><\/p>\n","protected":false},"featured_media":1512,"comment_status":"open","ping_status":"closed","template":"","meta":{"_uag_custom_page_level_css":"","site-sidebar-layout":"default","site-content-layout":"default","ast-global-header-display":"","ast-main-header-display":"","ast-hfb-above-header-display":"","ast-hfb-below-header-display":"","ast-hfb-mobile-header-display":"","site-post-title":"","ast-breadcrumbs-content":"","ast-featured-img":"","footer-sml-layout":"","theme-transparent-header-meta":"","adv-header-id-meta":"","stick-header-meta":"","header-above-stick-meta":"","header-main-stick-meta":"","header-below-stick-meta":""},"product_brand":[],"product_cat":[31],"product_tag":[],"class_list":{"0":"post-1511","1":"product","2":"type-product","3":"status-publish","4":"has-post-thumbnail","6":"product_cat-mascotas","7":"desktop-align-left","8":"tablet-align-left","9":"mobile-align-left","11":"first","12":"instock","13":"featured","14":"taxable","15":"shipping-taxable","16":"purchasable","17":"product-type-simple"},"uagb_featured_image_src":{"full":["https:\/\/corpoideres.org\/store\/wp-content\/uploads\/2023\/03\/116124.png",1000,1000,false],"thumbnail":["https:\/\/corpoideres.org\/store\/wp-content\/uploads\/2023\/03\/116124-150x150.png",150,150,true],"medium":["https:\/\/corpoideres.org\/store\/wp-content\/uploads\/2023\/03\/116124-300x300.png",300,300,true],"medium_large":["https:\/\/corpoideres.org\/store\/wp-content\/uploads\/2023\/03\/116124-768x768.png",768,768,true],"large":["https:\/\/corpoideres.org\/store\/wp-content\/uploads\/2023\/03\/116124.png",1000,1000,false],"1536x1536":["https:\/\/corpoideres.org\/store\/wp-content\/uploads\/2023\/03\/116124.png",1000,1000,false],"2048x2048":["https:\/\/corpoideres.org\/store\/wp-content\/uploads\/2023\/03\/116124.png",1000,1000,false],"woocommerce_thumbnail":["https:\/\/corpoideres.org\/store\/wp-content\/uploads\/2023\/03\/116124-300x300.png",300,300,true],"woocommerce_single":["https:\/\/corpoideres.org\/store\/wp-content\/uploads\/2023\/03\/116124-600x600.png",600,600,true],"woocommerce_gallery_thumbnail":["https:\/\/corpoideres.org\/store\/wp-content\/uploads\/2023\/03\/116124-100x100.png",100,100,true]},"uagb_author_info":{"display_name":"corpoideres","author_link":"https:\/\/corpoideres.org\/store\/index.php\/author\/"},"uagb_comment_info":1,"uagb_excerpt":"HOLA BIENVENIDOS A EMDEL COLOMBIA, GRACIAS POR REVISAR NUESTRO PRODUCTO. EMPRESA IMPORTADORA DE MAYOR TENDENCIA Y MEJORES PRECIOS. Localiza objetos (billetera, coche, ni\u00f1os, mascotas, bolsas, maletas u otras pertenencias) a trav\u00e9s de la App conectada con el localizador (isearching o Ctracing) Localiza tu tel\u00e9fono celular oprimiendo el bot\u00f3n del Localizador Puedes tomar fotos por medio&hellip;","_links":{"self":[{"href":"https:\/\/corpoideres.org\/store\/index.php\/wp-json\/wp\/v2\/product\/1511","targetHints":{"allow":["GET"]}}],"collection":[{"href":"https:\/\/corpoideres.org\/store\/index.php\/wp-json\/wp\/v2\/product"}],"about":[{"href":"https:\/\/corpoideres.org\/store\/index.php\/wp-json\/wp\/v2\/types\/product"}],"replies":[{"embeddable":true,"href":"https:\/\/corpoideres.org\/store\/index.php\/wp-json\/wp\/v2\/comments?post=1511"}],"wp:featuredmedia":[{"embeddable":true,"href":"https:\/\/corpoideres.org\/store\/index.php\/wp-json\/wp\/v2\/media\/1512"}],"wp:attachment":[{"href":"https:\/\/corpoideres.org\/store\/index.php\/wp-json\/wp\/v2\/media?parent=1511"}],"wp:term":[{"taxonomy":"product_brand","embeddable":true,"href":"https:\/\/corpoideres.org\/store\/index.php\/wp-json\/wp\/v2\/product_brand?post=1511"},{"taxonomy":"product_cat","embeddable":true,"href":"https:\/\/corpoideres.org\/store\/index.php\/wp-json\/wp\/v2\/product_cat?post=1511"},{"taxonomy":"product_tag","embeddable":true,"href":"https:\/\/corpoideres.org\/store\/index.php\/wp-json\/wp\/v2\/product_tag?post=1511"}],"curies":[{"name":"wp","href":"https:\/\/api.w.org\/{rel}","templated":true}]}}